{"id":63,"date":"2019-10-23T17:51:13","date_gmt":"2019-10-23T15:51:13","guid":{"rendered":"http:\/\/devmapro.fr\/?page_id=63"},"modified":"2020-03-03T10:07:57","modified_gmt":"2020-03-03T09:07:57","slug":"bienvenue-chez-devmapro","status":"publish","type":"page","link":"https:\/\/devmapro.fr\/","title":{"rendered":"Bienvenue chez DEVMAPRO"},"content":{"rendered":"\n<p><\/p>\n\n\n\n<p><strong>DEVMAPRO accompagne les entreprises dans le d\u00e9veloppement et la conduite de projets, le management de l\u2019innovation et leur fait b\u00e9n\u00e9ficier de son expertise technique<\/strong><\/p>\n\n\n\n<p><font style=\"vertical-align: inherit;\"><font style=\"vertical-align: inherit;\"><font style=\"vertical-align: inherit;\"><font style=\"vertical-align: inherit;\">Les r\u00e9f\u00e9rences de DEVMAPRO sont celles de son dirigeant et consultant dont  les comp\u00e9tences sont issues de :<\/font><\/font><\/font><\/font><\/p>\n\n\n\n<ul class=\"wp-block-list\"><li><font style=\"vertical-align: inherit;\"><font style=\"vertical-align: inherit;\"><font style=\"vertical-align: inherit;\"><font style=\"vertical-align: inherit;\">25 ans d&rsquo;exp\u00e9rience dans les projets d&rsquo;infrastructures pour les lanceurs Ariane, Soyouz et Vega<\/font><\/font><\/font><\/font><\/li><li><font style=\"vertical-align: inherit;\"><font style=\"vertical-align: inherit;\"><font style=\"vertical-align: inherit;\"><font style=\"vertical-align: inherit;\">6 ans d&rsquo;exp\u00e9rience dans le management hi\u00e9rarchique d&rsquo;une structure d&rsquo;une centaine de salari\u00e9s compos\u00e9e de 6 services<\/font><\/font><\/font><\/font><\/li><\/ul>\n\n\n\n<p>DEVMAPRO intervient dans les entreprises avec :<\/p>\n\n\n\n<ul class=\"wp-block-list\"><li>Une exp\u00e9rience en management prouv\u00e9e et r\u00e9ussie sur des fonctions \u00e0 forte responsabilit\u00e9 <\/li><li>Une expertise technique issue de la culture du spatial<\/li><li>Des comp\u00e9tences en management de l&rsquo;innovation acquises sur des r\u00e9alisations concr\u00e8tes<\/li><\/ul>\n\n\n\n<figure class=\"wp-block-image\"><img loading=\"lazy\" decoding=\"async\" width=\"1024\" height=\"767\" src=\"https:\/\/devmapro.fr\/wp-content\/uploads\/2020\/03\/Domaines-dintervention-DEVMAPRO-1024x767.png\" alt=\"\" class=\"wp-image-87\" srcset=\"https:\/\/devmapro.fr\/wp-content\/uploads\/2020\/03\/Domaines-dintervention-DEVMAPRO-1024x767.png 1024w, https:\/\/devmapro.fr\/wp-content\/uploads\/2020\/03\/Domaines-dintervention-DEVMAPRO-300x225.png 300w, https:\/\/devmapro.fr\/wp-content\/uploads\/2020\/03\/Domaines-dintervention-DEVMAPRO-768x575.png 768w, https:\/\/devmapro.fr\/wp-content\/uploads\/2020\/03\/Domaines-dintervention-DEVMAPRO-1200x899.png 1200w, https:\/\/devmapro.fr\/wp-content\/uploads\/2020\/03\/Domaines-dintervention-DEVMAPRO.png 1332w\" sizes=\"auto, (max-width: 709px) 85vw, (max-width: 909px) 67vw, (max-width: 1362px) 62vw, 840px\" \/><\/figure>\n","protected":false},"excerpt":{"rendered":"<p>DEVMAPRO accompagne les entreprises dans le d\u00e9veloppement et la conduite de projets, le management de l\u2019innovation et leur fait b\u00e9n\u00e9ficier de son expertise technique Les r\u00e9f\u00e9rences de DEVMAPRO sont celles de son dirigeant et consultant dont les comp\u00e9tences sont issues de : 25 ans d&rsquo;exp\u00e9rience dans les projets d&rsquo;infrastructures pour les lanceurs Ariane, Soyouz et &hellip; <a href=\"https:\/\/devmapro.fr\/\" class=\"more-link\">Continuer la lecture<span class=\"screen-reader-text\"> de &laquo;&nbsp;Bienvenue chez DEVMAPRO&nbsp;&raquo;<\/span><\/a><\/p>\n","protected":false},"author":1,"featured_media":0,"parent":0,"menu_order":0,"comment_status":"closed","ping_status":"closed","template":"","meta":{"footnotes":""},"class_list":["post-63","page","type-page","status-publish","hentry"],"_links":{"self":[{"href":"https:\/\/devmapro.fr\/index.php?rest_route=\/wp\/v2\/pages\/63","targetHints":{"allow":["GET"]}}],"collection":[{"href":"https:\/\/devmapro.fr\/index.php?rest_route=\/wp\/v2\/pages"}],"about":[{"href":"https:\/\/devmapro.fr\/index.php?rest_route=\/wp\/v2\/types\/page"}],"author":[{"embeddable":true,"href":"https:\/\/devmapro.fr\/index.php?rest_route=\/wp\/v2\/users\/1"}],"replies":[{"embeddable":true,"href":"https:\/\/devmapro.fr\/index.php?rest_route=%2Fwp%2Fv2%2Fcomments&post=63"}],"version-history":[{"count":10,"href":"https:\/\/devmapro.fr\/index.php?rest_route=\/wp\/v2\/pages\/63\/revisions"}],"predecessor-version":[{"id":95,"href":"https:\/\/devmapro.fr\/index.php?rest_route=\/wp\/v2\/pages\/63\/revisions\/95"}],"wp:attachment":[{"href":"https:\/\/devmapro.fr\/index.php?rest_route=%2Fwp%2Fv2%2Fmedia&parent=63"}],"curies":[{"name":"wp","href":"https:\/\/api.w.org\/{rel}","templated":true}]}}